{"id":205,"date":"2025-08-14T16:04:14","date_gmt":"2025-08-14T16:04:14","guid":{"rendered":"https:\/\/preview.octarine.solutions\/relais-equestre-du-haras-saint-thomacais.fr\/index.php\/front_page\/"},"modified":"2025-12-22T09:30:35","modified_gmt":"2025-12-22T09:30:35","slug":"front_page","status":"publish","type":"page","link":"https:\/\/relais-equestre-du-haras-saint-thomacais.fr\/","title":{"rendered":"ACCUEIL"},"content":{"rendered":"<style>.kb-row-layout-wrap.wp-block-kadence-rowlayout.kb-row-layout-id205_e83bf6-ea{margin-top:0px;margin-bottom:0px;}.kb-row-layout-id205_e83bf6-ea > .kt-row-column-wrap{align-content:start;}:where(.kb-row-layout-id205_e83bf6-ea > .kt-row-column-wrap) > .wp-block-kadence-column{justify-content:start;}.kb-row-layout-id205_e83bf6-ea > .kt-row-column-wrap{column-gap:var(--global-kb-gap-md, 2rem);row-gap:var(--global-kb-gap-md, 2rem);padding-top:var(--global-kb-spacing-xl, 4rem);padding-bottom:var(--global-kb-spacing-sm, 1.5rem);min-height:1024px;grid-template-columns:minmax(0, calc(30% - ((var(--global-kb-gap-md, 2rem) * 1 )\/2)))minmax(0, calc(70% - ((var(--global-kb-gap-md, 2rem) * 1 )\/2)));}.kb-row-layout-id205_e83bf6-ea > .kt-row-layout-overlay{opacity:0.30;background-color:rgba(0, 0, 0, 0.9);}@media all and (max-width: 1024px){.kb-row-layout-id205_e83bf6-ea > .kt-row-column-wrap{grid-template-columns:repeat(2, minmax(0, 1fr));}}@media all and (max-width: 767px){.kb-row-layout-id205_e83bf6-ea > .kt-row-column-wrap{grid-template-columns:minmax(0, 1fr);}}<\/style><div class=\"kb-row-layout-wrap kb-row-layout-id205_e83bf6-ea alignnone kt-row-has-bg wp-block-kadence-rowlayout\"><div class=\"kt-blocks-carousel kb-blocks-bg-slider kt-carousel-container-dotstyle-none\"><div class=\"kt-blocks-carousel-init splide kb-blocks-bg-slider-init kt-carousel-arrowstyle-none kt-carousel-dotstyle-none\" data-slider-anim-speed=\"1010\" data-slider-type=\"slider\" data-slider-scroll=\"1\" data-slider-arrows=\"false\" data-slider-fade=\"true\" data-slider-dots=\"false\" data-slider-hover-pause=\"false\" data-slider-auto=\"true\" data-slider-speed=\"2580\" data-show-pause-button=\"false\"><div class=\"splide__track\"><ul class=\"splide__list\"><li class=\"splide__slide kb-bg-slide-contain\"><div  class=\"kb-bg-slide kb-bg-slide-0\" style=\"background-image:url(https:\/\/relais-equestre-du-haras-saint-thomacais.fr\/wp-content\/uploads\/2025\/10\/Vue-panoramique.jpg); background-size:cover; background-position:center center; background-repeat:no-repeat;\"><\/div><\/li><li class=\"splide__slide kb-bg-slide-contain\"><div  class=\"kb-bg-slide kb-bg-slide-1\" style=\"background-image:url(https:\/\/relais-equestre-du-haras-saint-thomacais.fr\/wp-content\/uploads\/2025\/10\/Chevaux-Nb.jpg); background-size:cover; background-position:center center; background-repeat:no-repeat;\"><\/div><\/li><li class=\"splide__slide kb-bg-slide-contain\"><div  class=\"kb-bg-slide kb-bg-slide-2\" style=\"background-image:url(https:\/\/relais-equestre-du-haras-saint-thomacais.fr\/wp-content\/uploads\/2025\/10\/Soleil.jpg); background-size:cover; background-position:center center; background-repeat:no-repeat;\"><\/div><\/li><li class=\"splide__slide kb-bg-slide-contain\"><div  class=\"kb-bg-slide kb-bg-slide-3\" style=\"background-image:url(https:\/\/relais-equestre-du-haras-saint-thomacais.fr\/wp-content\/uploads\/2025\/10\/Dody.jpg); background-size:cover; background-position:center center; background-repeat:no-repeat;\"><\/div><\/li><li class=\"splide__slide kb-bg-slide-contain\"><div  class=\"kb-bg-slide kb-bg-slide-4\" style=\"background-image:url(https:\/\/relais-equestre-du-haras-saint-thomacais.fr\/wp-content\/uploads\/2025\/10\/marais.jpg); background-size:cover; background-position:center center; background-repeat:no-repeat;\"><\/div><\/li><li class=\"splide__slide kb-bg-slide-contain\"><div  class=\"kb-bg-slide kb-bg-slide-5\" style=\"background-image:url(https:\/\/relais-equestre-du-haras-saint-thomacais.fr\/wp-content\/uploads\/2025\/10\/Tete.jpg); background-size:cover; background-position:center center; background-repeat:no-repeat;\"><\/div><\/li><\/ul><\/div><\/div><\/div><div class=\"kt-row-layout-overlay kt-row-overlay-normal\"><\/div><div class=\"kt-row-column-wrap kt-has-2-columns kt-row-layout-equal kt-tab-layout-inherit kt-mobile-layout-row kt-row-valign-top\">\n<style>.kadence-column205_9f83e9-7b > .kt-inside-inner-col{display:flex;}.kadence-column205_9f83e9-7b > .kt-inside-inner-col{padding-top:0px;padding-bottom:0px;padding-left:var(--global-kb-spacing-md, 2rem);}.kadence-column205_9f83e9-7b > .kt-inside-inner-col,.kadence-column205_9f83e9-7b > .kt-inside-inner-col:before{border-top-left-radius:0px;border-top-right-radius:0px;border-bottom-right-radius:0px;border-bottom-left-radius:0px;}.kadence-column205_9f83e9-7b > .kt-inside-inner-col{column-gap:var(--global-kb-gap-sm, 1rem);}.kadence-column205_9f83e9-7b > .kt-inside-inner-col{flex-direction:column;justify-content:center;}.kadence-column205_9f83e9-7b > .kt-inside-inner-col > .aligncenter{width:100%;}.kt-row-column-wrap > .kadence-column205_9f83e9-7b{align-self:center;}.kt-inner-column-height-full:not(.kt-has-1-columns) > .wp-block-kadence-column.kadence-column205_9f83e9-7b{align-self:auto;}.kt-inner-column-height-full:not(.kt-has-1-columns) > .wp-block-kadence-column.kadence-column205_9f83e9-7b > .kt-inside-inner-col{flex-direction:column;justify-content:center;}.kadence-column205_9f83e9-7b > .kt-inside-inner-col:before{opacity:0.3;}.kadence-column205_9f83e9-7b{text-align:right;}.kadence-column205_9f83e9-7b{position:relative;}@media all and (max-width: 1024px){.kt-row-column-wrap > .kadence-column205_9f83e9-7b{align-self:center;}}@media all and (max-width: 1024px){.kt-inner-column-height-full:not(.kt-has-1-columns) > .wp-block-kadence-column.kadence-column205_9f83e9-7b{align-self:auto;}}@media all and (max-width: 1024px){.kt-inner-column-height-full:not(.kt-has-1-columns) > .wp-block-kadence-column.kadence-column205_9f83e9-7b > .kt-inside-inner-col{flex-direction:column;justify-content:center;}}@media all and (max-width: 1024px){.kadence-column205_9f83e9-7b > .kt-inside-inner-col{flex-direction:column;justify-content:center;}}@media all and (max-width: 767px){.kt-row-column-wrap > .kadence-column205_9f83e9-7b{align-self:center;}.kt-inner-column-height-full:not(.kt-has-1-columns) > .wp-block-kadence-column.kadence-column205_9f83e9-7b{align-self:auto;}.kt-inner-column-height-full:not(.kt-has-1-columns) > .wp-block-kadence-column.kadence-column205_9f83e9-7b > .kt-inside-inner-col{flex-direction:column;justify-content:center;}.kadence-column205_9f83e9-7b > .kt-inside-inner-col{flex-direction:column;justify-content:center;}}<\/style>\n<div class=\"wp-block-kadence-column kadence-column205_9f83e9-7b\"><div class=\"kt-inside-inner-col\"><style>.kb-image205_0bba3d-a4 .kb-image-has-overlay:after{opacity:0.3;}<\/style>\n<figure class=\"wp-block-kadence-image kb-image205_0bba3d-a4\"><img loading=\"lazy\" decoding=\"async\" width=\"1024\" height=\"683\" src=\"https:\/\/relais-equestre-du-haras-saint-thomacais.fr\/wp-content\/uploads\/2025\/10\/Logo-transparent-et-blanc.png\" alt=\"Logo transparent et blanc\" class=\"kb-img wp-image-721\" srcset=\"https:\/\/relais-equestre-du-haras-saint-thomacais.fr\/wp-content\/uploads\/2025\/10\/Logo-transparent-et-blanc.png 1024w, https:\/\/relais-equestre-du-haras-saint-thomacais.fr\/wp-content\/uploads\/2025\/10\/Logo-transparent-et-blanc-300x200.png 300w, https:\/\/relais-equestre-du-haras-saint-thomacais.fr\/wp-content\/uploads\/2025\/10\/Logo-transparent-et-blanc-768x512.png 768w\" sizes=\"auto, (max-width: 1024px) 100vw, 1024px\" \/><\/figure>\n<\/div><\/div>\n\n\n<style>.kadence-column205_013721-9a > .kt-inside-inner-col{display:flex;}.kadence-column205_013721-9a > .kt-inside-inner-col,.kadence-column205_013721-9a > .kt-inside-inner-col:before{border-top-left-radius:0px;border-top-right-radius:0px;border-bottom-right-radius:0px;border-bottom-left-radius:0px;}.kadence-column205_013721-9a > .kt-inside-inner-col{column-gap:var(--global-kb-gap-sm, 1rem);}.kadence-column205_013721-9a > .kt-inside-inner-col{flex-direction:column;justify-content:center;align-items:center;}.kadence-column205_013721-9a > .kt-inside-inner-col > .kb-image-is-ratio-size{align-self:stretch;}.kadence-column205_013721-9a > .kt-inside-inner-col > .wp-block-kadence-advancedgallery{align-self:stretch;}.kadence-column205_013721-9a > .kt-inside-inner-col > .aligncenter{width:100%;}.kt-row-column-wrap > .kadence-column205_013721-9a{align-self:center;}.kt-inner-column-height-full:not(.kt-has-1-columns) > .wp-block-kadence-column.kadence-column205_013721-9a{align-self:auto;}.kt-inner-column-height-full:not(.kt-has-1-columns) > .wp-block-kadence-column.kadence-column205_013721-9a > .kt-inside-inner-col{flex-direction:column;justify-content:center;}.kadence-column205_013721-9a > .kt-inside-inner-col:before{opacity:0.3;}.kadence-column205_013721-9a{position:relative;}@media all and (max-width: 1024px){.kt-row-column-wrap > .kadence-column205_013721-9a{align-self:center;}}@media all and (max-width: 1024px){.kt-inner-column-height-full:not(.kt-has-1-columns) > .wp-block-kadence-column.kadence-column205_013721-9a{align-self:auto;}}@media all and (max-width: 1024px){.kt-inner-column-height-full:not(.kt-has-1-columns) > .wp-block-kadence-column.kadence-column205_013721-9a > .kt-inside-inner-col{flex-direction:column;justify-content:center;}}@media all and (max-width: 1024px){.kadence-column205_013721-9a > .kt-inside-inner-col{flex-direction:column;justify-content:center;align-items:center;}}@media all and (max-width: 767px){.kt-row-column-wrap > .kadence-column205_013721-9a{align-self:center;}.kt-inner-column-height-full:not(.kt-has-1-columns) > .wp-block-kadence-column.kadence-column205_013721-9a{align-self:auto;}.kt-inner-column-height-full:not(.kt-has-1-columns) > .wp-block-kadence-column.kadence-column205_013721-9a > .kt-inside-inner-col{flex-direction:column;justify-content:center;}.kadence-column205_013721-9a > .kt-inside-inner-col{flex-direction:column;justify-content:center;align-items:center;}}<\/style>\n<div class=\"wp-block-kadence-column kadence-column205_013721-9a\"><div class=\"kt-inside-inner-col\"><style>.wp-block-kadence-advancedheading.kt-adv-heading205_795b32-d6, .wp-block-kadence-advancedheading.kt-adv-heading205_795b32-d6[data-kb-block=\"kb-adv-heading205_795b32-d6\"]{font-size:var(--global-kb-font-size-xxxl, 5rem);font-style:normal;}.wp-block-kadence-advancedheading.kt-adv-heading205_795b32-d6 mark.kt-highlight, .wp-block-kadence-advancedheading.kt-adv-heading205_795b32-d6[data-kb-block=\"kb-adv-heading205_795b32-d6\"] mark.kt-highlight{font-style:normal;color:#f76a0c;-webkit-box-decoration-break:clone;box-decoration-break:clone;padding-top:0px;padding-right:0px;padding-bottom:0px;padding-left:0px;}.wp-block-kadence-advancedheading.kt-adv-heading205_795b32-d6 img.kb-inline-image, .wp-block-kadence-advancedheading.kt-adv-heading205_795b32-d6[data-kb-block=\"kb-adv-heading205_795b32-d6\"] img.kb-inline-image{width:150px;vertical-align:baseline;}<\/style>\n<h1 class=\"kt-adv-heading205_795b32-d6 wp-block-kadence-advancedheading has-theme-palette-9-color has-text-color\" data-kb-block=\"kb-adv-heading205_795b32-d6\">Relais \u00e9questre du haras Saint-Thomacais<\/h1>\n<\/div><\/div>\n\n<\/div><\/div>\n\n<style>.kb-row-layout-id205_caec24-c1 > .kt-row-column-wrap{align-content:start;}:where(.kb-row-layout-id205_caec24-c1 > .kt-row-column-wrap) > .wp-block-kadence-column{justify-content:start;}.kb-row-layout-id205_caec24-c1 > .kt-row-column-wrap{column-gap:var(--global-kb-gap-md, 2rem);row-gap:var(--global-kb-gap-md, 2rem);max-width:var( --global-content-width, 1290px );padding-left:var(--global-content-edge-padding);padding-right:var(--global-content-edge-padding);padding-top:var(--global-kb-spacing-sm, 1.5rem);padding-bottom:var(--global-kb-spacing-sm, 1.5rem);grid-template-columns:minmax(0, 1fr);}.kb-row-layout-id205_caec24-c1 > .kt-row-layout-overlay{opacity:0.30;}@media all and (max-width: 1024px){.kb-row-layout-id205_caec24-c1 > .kt-row-column-wrap{grid-template-columns:minmax(0, 1fr);}}@media all and (max-width: 767px){.kb-row-layout-id205_caec24-c1 > .kt-row-column-wrap{grid-template-columns:minmax(0, 1fr);}}<\/style><div class=\"kb-row-layout-wrap kb-row-layout-id205_caec24-c1 alignnone wp-block-kadence-rowlayout\"><div class=\"kt-row-column-wrap kt-has-1-columns kt-row-layout-equal kt-tab-layout-inherit kt-mobile-layout-row kt-row-valign-top kb-theme-content-width\">\n<style>.kadence-column205_f14c66-3c > .kt-inside-inner-col,.kadence-column205_f14c66-3c > .kt-inside-inner-col:before{border-top-left-radius:0px;border-top-right-radius:0px;border-bottom-right-radius:0px;border-bottom-left-radius:0px;}.kadence-column205_f14c66-3c > .kt-inside-inner-col{column-gap:var(--global-kb-gap-sm, 1rem);}.kadence-column205_f14c66-3c > .kt-inside-inner-col{flex-direction:column;}.kadence-column205_f14c66-3c > .kt-inside-inner-col > .aligncenter{width:100%;}.kadence-column205_f14c66-3c > .kt-inside-inner-col:before{opacity:0.3;}.kadence-column205_f14c66-3c{position:relative;}@media all and (max-width: 1024px){.kadence-column205_f14c66-3c > .kt-inside-inner-col{flex-direction:column;justify-content:center;}}@media all and (max-width: 767px){.kadence-column205_f14c66-3c > .kt-inside-inner-col{flex-direction:column;justify-content:center;}}<\/style>\n<div class=\"wp-block-kadence-column kadence-column205_f14c66-3c\"><div class=\"kt-inside-inner-col\"><style>.wp-block-kadence-advancedheading.kt-adv-heading205_967f5c-38, .wp-block-kadence-advancedheading.kt-adv-heading205_967f5c-38[data-kb-block=\"kb-adv-heading205_967f5c-38\"]{font-size:var(--global-kb-font-size-lg, 2rem);font-weight:400;font-style:normal;font-family:Outfit;text-transform:none;}.wp-block-kadence-advancedheading.kt-adv-heading205_967f5c-38 mark.kt-highlight, .wp-block-kadence-advancedheading.kt-adv-heading205_967f5c-38[data-kb-block=\"kb-adv-heading205_967f5c-38\"] mark.kt-highlight{font-family:var( --global-heading-font-family, inherit );font-weight:100;font-style:normal;color:#f76a0c;-webkit-box-decoration-break:clone;box-decoration-break:clone;padding-top:0px;padding-right:0px;padding-bottom:0px;padding-left:0px;}.wp-block-kadence-advancedheading.kt-adv-heading205_967f5c-38 img.kb-inline-image, .wp-block-kadence-advancedheading.kt-adv-heading205_967f5c-38[data-kb-block=\"kb-adv-heading205_967f5c-38\"] img.kb-inline-image{width:150px;vertical-align:baseline;}<\/style>\n<h2 class=\"kt-adv-heading205_967f5c-38 wp-block-kadence-advancedheading\" data-kb-block=\"kb-adv-heading205_967f5c-38\"><br><br><strong>Faites une halte sereine sur votre route !<\/strong> Votre cheval m\u00e9rite un repos de qualit\u00e9 apr\u00e8s une longue journ\u00e9e de randonn\u00e9e. Notre relais \u00e9questre est l&rsquo;endroit id\u00e9al pour lui offrir une nuit paisible et confortable.<br><br><strong>L&rsquo;Option H\u00e9bergement au Pr\u00e9 :<\/strong> Si votre cheval est habitu\u00e9 \u00e0 vivre dehors et que vous pr\u00e9f\u00e9rez une solution plus naturelle, nous proposons un <strong>h\u00e9bergement au pr\u00e9<\/strong>. C&rsquo;est une excellente alternative pour lui permettre de se d\u00e9tendre en toute libert\u00e9.<br><br>R\u00e9servez d\u00e8s maintenant pour une <strong>halte en toute confiance<\/strong> et repartez le lendemain en pleine forme.<\/h2>\n<\/div><\/div>\n\n<\/div><\/div>\n\n<style>.wp-block-kadence-advancedbtn.kt-btns205_699896-7d, .site .entry-content .wp-block-kadence-advancedbtn.kt-btns205_699896-7d, .wp-block-kadence-advancedbtn.kb-btns205_699896-7d, .site .entry-content .wp-block-kadence-advancedbtn.kb-btns205_699896-7d{margin-top:var(--global-kb-spacing-5xl, 10rem);margin-bottom:var(--global-kb-spacing-5xl, 10rem);}.wp-block-kadence-advancedbtn.kb-btns205_699896-7d{gap:var(--global-kb-gap-xs, 0.5rem );justify-content:center;align-items:center;}.kt-btns205_699896-7d .kt-button{font-weight:normal;font-style:normal;}.kt-btns205_699896-7d .kt-btn-wrap-0{margin-right:5px;}.wp-block-kadence-advancedbtn.kt-btns205_699896-7d .kt-btn-wrap-0 .kt-button{color:#555555;border-color:#555555;}.wp-block-kadence-advancedbtn.kt-btns205_699896-7d .kt-btn-wrap-0 .kt-button:hover, .wp-block-kadence-advancedbtn.kt-btns205_699896-7d .kt-btn-wrap-0 .kt-button:focus{color:#ffffff;border-color:#444444;}.wp-block-kadence-advancedbtn.kt-btns205_699896-7d .kt-btn-wrap-0 .kt-button::before{display:none;}.wp-block-kadence-advancedbtn.kt-btns205_699896-7d .kt-btn-wrap-0 .kt-button:hover, .wp-block-kadence-advancedbtn.kt-btns205_699896-7d .kt-btn-wrap-0 .kt-button:focus{background:#444444;}<\/style>\n<div class=\"wp-block-kadence-advancedbtn kb-buttons-wrap kb-btns205_699896-7d\"><style>ul.menu .wp-block-kadence-advancedbtn .kb-btn205_413751-60.kb-button{width:initial;}.wp-block-kadence-advancedbtn .kb-btn205_413751-60.kb-button{background:var(--global-palette5, #4A5568);font-family:Outfit;font-weight:400;}<\/style><a class=\"kb-button kt-button button kb-btn205_413751-60 kt-btn-size-xlarge kt-btn-width-type-auto kb-btn-global-fill  kt-btn-has-text-true kt-btn-has-svg-false  wp-block-kadence-singlebtn\" href=\"https:\/\/relais-equestre-du-haras-saint-thomacais.fr\/index.php\/contact\/\"><span class=\"kt-btn-inner-text\">CONTACTEZ-NOUS<\/span><\/a><\/div>\n","protected":false},"excerpt":{"rendered":"<p>Relais \u00e9questre du haras Saint-Thomacais Faites une halte sereine sur votre route ! Votre cheval m\u00e9rite un repos de qualit\u00e9 apr\u00e8s une longue journ\u00e9e de randonn\u00e9e. Notre relais \u00e9questre est l&rsquo;endroit id\u00e9al pour lui offrir une nuit paisible et confortable. L&rsquo;Option H\u00e9bergement au Pr\u00e9 : Si votre cheval est habitu\u00e9 \u00e0 vivre dehors et que&#8230;<\/p>\n","protected":false},"author":1,"featured_media":0,"parent":0,"menu_order":0,"comment_status":"closed","ping_status":"closed","template":"","meta":{"_kad_blocks_custom_css":"","_kad_blocks_head_custom_js":"","_kad_blocks_body_custom_js":"","_kad_blocks_footer_custom_js":"","_kadence_starter_templates_imported_post":false,"_kad_post_transparent":"","_kad_post_title":"","_kad_post_layout":"fullwidth","_kad_post_sidebar_id":"","_kad_post_content_style":"","_kad_post_vertical_padding":"","_kad_post_feature":"","_kad_post_feature_position":"","_kad_post_header":false,"_kad_post_footer":false,"_kad_post_classname":"","slim_seo":{"description":"Faites une halte sereine sur votre route ! Votre cheval m\u00e9rite un repos de qualit\u00e9 apr\u00e8s une longue journ\u00e9e de randonn\u00e9e. Notre relais \u00e9questre est l'endroit id\u00e9al pour lui offrir une nuit paisible et confortable.","facebook_image":"https:\/\/relais-equestre-du-haras-saint-thomacais.fr\/wp-content\/uploads\/2025\/10\/cropped-cropped-Logo-transparent-1.png","title":"relais-equestre-du-haras-saint-thomacais.fr"},"footnotes":""},"class_list":["post-205","page","type-page","status-publish","hentry"],"taxonomy_info":[],"featured_image_src_large":false,"author_info":{"display_name":"relais_equestre_du_haras_saint_thomacais","author_link":"https:\/\/relais-equestre-du-haras-saint-thomacais.fr\/index.php\/author\/relais_equestre_du_haras_saint_thomacais\/"},"comment_info":0,"_links":{"self":[{"href":"https:\/\/relais-equestre-du-haras-saint-thomacais.fr\/index.php\/wp-json\/wp\/v2\/pages\/205","targetHints":{"allow":["GET"]}}],"collection":[{"href":"https:\/\/relais-equestre-du-haras-saint-thomacais.fr\/index.php\/wp-json\/wp\/v2\/pages"}],"about":[{"href":"https:\/\/relais-equestre-du-haras-saint-thomacais.fr\/index.php\/wp-json\/wp\/v2\/types\/page"}],"author":[{"embeddable":true,"href":"https:\/\/relais-equestre-du-haras-saint-thomacais.fr\/index.php\/wp-json\/wp\/v2\/users\/1"}],"replies":[{"embeddable":true,"href":"https:\/\/relais-equestre-du-haras-saint-thomacais.fr\/index.php\/wp-json\/wp\/v2\/comments?post=205"}],"version-history":[{"count":84,"href":"https:\/\/relais-equestre-du-haras-saint-thomacais.fr\/index.php\/wp-json\/wp\/v2\/pages\/205\/revisions"}],"predecessor-version":[{"id":851,"href":"https:\/\/relais-equestre-du-haras-saint-thomacais.fr\/index.php\/wp-json\/wp\/v2\/pages\/205\/revisions\/851"}],"wp:attachment":[{"href":"https:\/\/relais-equestre-du-haras-saint-thomacais.fr\/index.php\/wp-json\/wp\/v2\/media?parent=205"}],"curies":[{"name":"wp","href":"https:\/\/api.w.org\/{rel}","templated":true}]}}